{"id":50,"date":"2026-01-23T07:21:22","date_gmt":"2026-01-23T07:21:22","guid":{"rendered":"https:\/\/gsmarge.com\/?page_id=50"},"modified":"2026-01-24T07:34:52","modified_gmt":"2026-01-24T07:34:52","slug":"hakkinda","status":"publish","type":"page","link":"https:\/\/gsmarge.com\/en\/hakkinda\/","title":{"rendered":"HAKKIMIZDA"},"content":{"rendered":"<p>GSM ARGE Makina, makine sekt\u00f6r\u00fcnde uzun y\u0131llara dayanan tecr\u00fcbe ve m\u00fchendislik birikimiyle kurulmu\u015f, yenilik\u00e7i ve dinamik bir teknoloji firmas\u0131d\u0131r. Hal\u0131 sekt\u00f6r\u00fc ba\u015fta olmak \u00fczere end\u00fcstriyel \u00fcretim alanlar\u0131na y\u00f6nelik y\u00fcksek kaliteli, verimli ve \u00f6zel \u00e7\u00f6z\u00fcmler sunmay\u0131 hedeflemektedir.<\/p>\n\n\n\n<p>Kurulu\u015fumuzdan bu yana, al\u0131\u015f\u0131lm\u0131\u015f\u0131n d\u0131\u015f\u0131nda tasar\u0131m anlay\u0131\u015f\u0131 ve Ar-Ge odakl\u0131 yakla\u015f\u0131m\u0131m\u0131zla sekt\u00f6rde fark yaratmay\u0131 ilke edindik. Hal\u0131 kesim makineleri ba\u015fta olmak \u00fczere, farkl\u0131 \u00fcretim ihtiya\u00e7lar\u0131na y\u00f6nelik \u00f6zel makineler geli\u015ftirerek m\u00fc\u015fterilerimize rekabet avantaj\u0131 sa\u011flamaktay\u0131z.<\/p>\n\n\n\n<p>GSM ARGE Makina\u2019n\u0131n en b\u00fcy\u00fck g\u00fcc\u00fc, alan\u0131nda uzman ve tecr\u00fcbeli m\u00fchendis kadrosu ile sahada deneyim kazanm\u0131\u015f teknik ekibidir. Tasar\u0131mdan \u00fcretime, montajdan sat\u0131\u015f sonras\u0131 deste\u011fe kadar t\u00fcm s\u00fcre\u00e7lerde kalite, g\u00fcvenilirlik ve s\u00fcrd\u00fcr\u00fclebilirli\u011fi \u00f6n planda tutmaktay\u0131z.<\/p>\n\n\n\n<p>M\u00fc\u015fteri memnuniyetini temel de\u011fer olarak benimseyen firmam\u0131z; y\u00fcksek performansl\u0131, uzun \u00f6m\u00fcrl\u00fc ve kullan\u0131c\u0131 dostu makineler \u00fcretmeyi ama\u00e7lar. S\u00fcrekli geli\u015fim anlay\u0131\u015f\u0131yla, teknolojiyi yak\u0131ndan takip eder ve her projede daha iyisini sunmak i\u00e7in \u00e7al\u0131\u015f\u0131r.<\/p>\n\n\n\n<p><\/p>","protected":false},"excerpt":{"rendered":"<p>GSM ARGE Makina, makine sekt\u00f6r\u00fcnde uzun y\u0131llara dayanan tecr\u00fcbe ve m\u00fchendislik birikimiyle kurulmu\u015f, yenilik\u00e7i ve dinamik bir teknoloji firmas\u0131d\u0131r. Hal\u0131 sekt\u00f6r\u00fc ba\u015fta olmak \u00fczere end\u00fcstriyel \u00fcretim alanlar\u0131na y\u00f6nelik y\u00fcksek kaliteli, verimli ve \u00f6zel \u00e7\u00f6z\u00fcmler sunmay\u0131 hedeflemektedir. Kurulu\u015fumuzdan bu yana, al\u0131\u015f\u0131lm\u0131\u015f\u0131n d\u0131\u015f\u0131nda tasar\u0131m anlay\u0131\u015f\u0131 ve Ar-Ge odakl\u0131 yakla\u015f\u0131m\u0131m\u0131zla sekt\u00f6rde fark yaratmay\u0131 ilke edindik. Hal\u0131 kesim makineleri [&hellip;]<\/p>\n","protected":false},"author":1,"featured_media":0,"parent":0,"menu_order":0,"comment_status":"closed","ping_status":"closed","template":"","meta":{"footnotes":""},"class_list":["post-50","page","type-page","status-publish","hentry"],"_links":{"self":[{"href":"https:\/\/gsmarge.com\/en\/wp-json\/wp\/v2\/pages\/50","targetHints":{"allow":["GET"]}}],"collection":[{"href":"https:\/\/gsmarge.com\/en\/wp-json\/wp\/v2\/pages"}],"about":[{"href":"https:\/\/gsmarge.com\/en\/wp-json\/wp\/v2\/types\/page"}],"author":[{"embeddable":true,"href":"https:\/\/gsmarge.com\/en\/wp-json\/wp\/v2\/users\/1"}],"replies":[{"embeddable":true,"href":"https:\/\/gsmarge.com\/en\/wp-json\/wp\/v2\/comments?post=50"}],"version-history":[{"count":15,"href":"https:\/\/gsmarge.com\/en\/wp-json\/wp\/v2\/pages\/50\/revisions"}],"predecessor-version":[{"id":165,"href":"https:\/\/gsmarge.com\/en\/wp-json\/wp\/v2\/pages\/50\/revisions\/165"}],"wp:attachment":[{"href":"https:\/\/gsmarge.com\/en\/wp-json\/wp\/v2\/media?parent=50"}],"curies":[{"name":"wp","href":"https:\/\/api.w.org\/{rel}","templated":true}]}}